{"id":3333,"date":"2021-01-14T01:03:40","date_gmt":"2021-01-13T23:03:40","guid":{"rendered":"http:\/\/www.mslukov.cz\/?page_id=3333"},"modified":"2021-01-15T15:31:15","modified_gmt":"2021-01-15T13:31:15","slug":"seznam-alergenu","status":"publish","type":"page","link":"https:\/\/www.mslukov.cz\/index.php\/seznam-alergenu\/","title":{"rendered":"Seznam alergen\u016f"},"content":{"rendered":"\n<div class=\"wp-container-4 wp-block-columns\">\n<div class=\"wp-container-1 wp-block-column is-vertically-aligned-center\" style=\"flex-basis:10.7%\">\n<figure class=\"wp-block-image size-large is-resized is-style-default\"><img loading=\"lazy\" src=\"http:\/\/www.mslukov.cz\/wp-content\/uploads\/2021\/01\/image027.png\" alt=\"1\" class=\"wp-image-3345\" width=\"76\" height=\"78\"\/><\/figure>\n<\/div>\n\n\n\n<div class=\"wp-container-2 wp-block-column is-vertically-aligned-center\" style=\"flex-basis:45.84%\">\n<p class=\"has-text-align-left\"><strong>Obiloviny obsahuj\u00edc\u00ed lepek:<\/strong> <br><strong>1a)<\/strong> p\u0161enice (nap\u0159\u00edklad \u0161palda a khorasan), <strong>1b)<\/strong> \u017eito, <strong>1c)<\/strong> je\u010dmen, <strong>1d)<\/strong> oves<\/p>\n<\/div>\n\n\n\n<div class=\"wp-container-3 wp-block-column is-vertically-aligned-center\" style=\"flex-basis:20%\">\n<div class=\"wp-block-image\"><figure class=\"alignleft size-large\"><img loading=\"lazy\" width=\"308\" height=\"204\" src=\"http:\/\/www.mslukov.cz\/wp-content\/uploads\/2021\/01\/image034.jpg\" alt=\"obil\u00ed\" class=\"wp-image-3369\" srcset=\"https:\/\/www.mslukov.cz\/wp-content\/uploads\/2021\/01\/image034.jpg 308w, https:\/\/www.mslukov.cz\/wp-content\/uploads\/2021\/01\/image034-300x199.jpg 300w\" sizes=\"(max-width: 308px) 100vw, 308px\" \/><\/figure><\/div>\n<\/div>\n<\/div>\n\n\n\n<div class=\"wp-container-8 wp-block-columns are-vertically-aligned-center\">\n<div class=\"wp-container-5 wp-block-column is-vertically-aligned-center\" style=\"flex-basis:10.7%\">\n<figure class=\"wp-block-image size-large is-style-default\"><img loading=\"lazy\" width=\"76\" height=\"77\" src=\"http:\/\/www.mslukov.cz\/wp-content\/uploads\/2021\/01\/image028.png\" alt=\"2\" class=\"wp-image-3346\"\/><\/figure>\n<\/div>\n\n\n\n<div class=\"wp-container-6 wp-block-column is-vertically-aligned-center\" style=\"flex-basis:45.84%\">\n<p class=\"has-text-align-left\"><strong>Kor\u00fd\u0161i a v\u00fdrobky z nich<\/strong><\/p>\n<\/div>\n\n\n\n<div class=\"wp-container-7 wp-block-column is-vertically-aligned-center\" style=\"flex-basis:20%\">\n<figure class=\"wp-block-image size-large is-resized\"><img loading=\"lazy\" src=\"http:\/\/www.mslukov.cz\/wp-content\/uploads\/2021\/01\/image004.png\" alt=\"kor\u00fd\u0161\" class=\"wp-image-3360\" width=\"172\" height=\"113\" srcset=\"https:\/\/www.mslukov.cz\/wp-content\/uploads\/2021\/01\/image004.png 343w, https:\/\/www.mslukov.cz\/wp-content\/uploads\/2021\/01\/image004-300x198.png 300w\" sizes=\"(max-width: 172px) 100vw, 172px\" \/><\/figure>\n<\/div>\n<\/div>\n\n\n\n<div class=\"wp-container-12 wp-block-columns are-vertically-aligned-center\">\n<div class=\"wp-container-9 wp-block-column is-vertically-aligned-center\" style=\"flex-basis:10.7%\">\n<figure class=\"wp-block-image size-large is-resized is-style-default\"><img loading=\"lazy\" src=\"http:\/\/www.mslukov.cz\/wp-content\/uploads\/2021\/01\/image029.png\" alt=\"3\" class=\"wp-image-3347\" width=\"76\" height=\"78\"\/><\/figure>\n<\/div>\n\n\n\n<div class=\"wp-container-10 wp-block-column is-vertically-aligned-center\" style=\"flex-basis:45.84%\">\n<p class=\"has-text-align-left\"><strong>Vejce a v\u00fdrobky z nich<\/strong><\/p>\n<\/div>\n\n\n\n<div class=\"wp-container-11 wp-block-column is-vertically-aligned-center\" style=\"flex-basis:20%\">\n<figure class=\"wp-block-image size-large\"><img loading=\"lazy\" width=\"383\" height=\"270\" src=\"http:\/\/www.mslukov.cz\/wp-content\/uploads\/2021\/01\/image006.png\" alt=\"vejce\" class=\"wp-image-3334\" srcset=\"https:\/\/www.mslukov.cz\/wp-content\/uploads\/2021\/01\/image006.png 383w, https:\/\/www.mslukov.cz\/wp-content\/uploads\/2021\/01\/image006-300x211.png 300w\" sizes=\"(max-width: 383px) 100vw, 383px\" \/><\/figure>\n<\/div>\n<\/div>\n\n\n\n<div class=\"wp-container-16 wp-block-columns are-vertically-aligned-center\">\n<div class=\"wp-container-13 wp-block-column is-vertically-aligned-center\" style=\"flex-basis:10.7%\">\n<figure class=\"wp-block-image size-large is-style-default\"><img loading=\"lazy\" width=\"76\" height=\"78\" src=\"http:\/\/www.mslukov.cz\/wp-content\/uploads\/2021\/01\/image030.png\" alt=\"4\" class=\"wp-image-3348\"\/><\/figure>\n<\/div>\n\n\n\n<div class=\"wp-container-14 wp-block-column is-vertically-aligned-center\" style=\"flex-basis:45.84%\">\n<p class=\"has-text-align-left\"><strong>Ryby a v\u00fdrobky z nich<\/strong><\/p>\n<\/div>\n\n\n\n<div class=\"wp-container-15 wp-block-column is-vertically-aligned-center\" style=\"flex-basis:20%\">\n<figure class=\"wp-block-image size-large\"><img loading=\"lazy\" width=\"234\" height=\"197\" src=\"http:\/\/www.mslukov.cz\/wp-content\/uploads\/2021\/01\/image036.jpg\" alt=\"Ryba\" class=\"wp-image-3368\"\/><\/figure>\n<\/div>\n<\/div>\n\n\n\n<div class=\"wp-container-20 wp-block-columns are-vertically-aligned-center\">\n<div class=\"wp-container-17 wp-block-column is-vertically-aligned-center\" style=\"flex-basis:10.7%\">\n<figure class=\"wp-block-image size-large is-style-default\"><img loading=\"lazy\" width=\"76\" height=\"77\" src=\"http:\/\/www.mslukov.cz\/wp-content\/uploads\/2021\/01\/image031.png\" alt=\"5\" class=\"wp-image-3349\"\/><\/figure>\n<\/div>\n\n\n\n<div class=\"wp-container-18 wp-block-column is-vertically-aligned-center\" style=\"flex-basis:45.84%\">\n<p class=\"has-text-align-left\"><strong>J\u00e1dra podzemnice olejn\u00e9 (ara\u0161\u00eddy) a v\u00fdrobky z nich<\/strong><\/p>\n<\/div>\n\n\n\n<div class=\"wp-container-19 wp-block-column is-vertically-aligned-center\" style=\"flex-basis:20%\">\n<figure class=\"wp-block-image size-large\"><img loading=\"lazy\" width=\"263\" height=\"263\" src=\"http:\/\/www.mslukov.cz\/wp-content\/uploads\/2021\/01\/image010.png\" alt=\"ara\u0161\u00eddy\" class=\"wp-image-3336\" srcset=\"https:\/\/www.mslukov.cz\/wp-content\/uploads\/2021\/01\/image010.png 263w, https:\/\/www.mslukov.cz\/wp-content\/uploads\/2021\/01\/image010-150x150.png 150w\" sizes=\"(max-width: 263px) 100vw, 263px\" \/><\/figure>\n<\/div>\n<\/div>\n\n\n\n<div class=\"wp-container-24 wp-block-columns are-vertically-aligned-center\">\n<div class=\"wp-container-21 wp-block-column is-vertically-aligned-center\" style=\"flex-basis:10.7%\">\n<figure class=\"wp-block-image size-large is-style-default\"><img loading=\"lazy\" width=\"76\" height=\"77\" src=\"http:\/\/www.mslukov.cz\/wp-content\/uploads\/2021\/01\/image032.png\" alt=\"6\" class=\"wp-image-3350\"\/><\/figure>\n<\/div>\n\n\n\n<div class=\"wp-container-22 wp-block-column is-vertically-aligned-center\" style=\"flex-basis:45.84%\">\n<p class=\"has-text-align-left\"><strong>S\u00f3jov\u00e9 boby a v\u00fdrobky z nich<\/strong><\/p>\n<\/div>\n\n\n\n<div class=\"wp-container-23 wp-block-column is-vertically-aligned-center\" style=\"flex-basis:20%\">\n<figure class=\"wp-block-image size-large\"><img loading=\"lazy\" width=\"289\" height=\"192\" src=\"http:\/\/www.mslukov.cz\/wp-content\/uploads\/2021\/01\/image012.jpg\" alt=\"soja\" class=\"wp-image-3367\"\/><\/figure>\n<\/div>\n<\/div>\n\n\n\n<div class=\"wp-container-28 wp-block-columns are-vertically-aligned-center\">\n<div class=\"wp-container-25 wp-block-column is-vertically-aligned-center\" style=\"flex-basis:10.7%\">\n<figure class=\"wp-block-image size-large is-style-default\"><img loading=\"lazy\" width=\"76\" height=\"77\" src=\"http:\/\/www.mslukov.cz\/wp-content\/uploads\/2021\/01\/image033.png\" alt=\"7\" class=\"wp-image-3351\"\/><\/figure>\n<\/div>\n\n\n\n<div class=\"wp-container-26 wp-block-column is-vertically-aligned-center\" style=\"flex-basis:45.84%\">\n<p class=\"has-text-align-left\"><strong>Ml\u00e9ko a v\u00fdrobky z n\u011bj (v\u010detn\u011b lakt\u00f3zy)<\/strong><\/p>\n<\/div>\n\n\n\n<div class=\"wp-container-27 wp-block-column is-vertically-aligned-center\" style=\"flex-basis:20%\">\n<figure class=\"wp-block-image size-large\"><img loading=\"lazy\" width=\"188\" height=\"188\" src=\"http:\/\/www.mslukov.cz\/wp-content\/uploads\/2021\/01\/image032-1.png\" alt=\"ml\u00e9ko\" class=\"wp-image-3366\" srcset=\"https:\/\/www.mslukov.cz\/wp-content\/uploads\/2021\/01\/image032-1.png 188w, https:\/\/www.mslukov.cz\/wp-content\/uploads\/2021\/01\/image032-1-150x150.png 150w\" sizes=\"(max-width: 188px) 100vw, 188px\" \/><\/figure>\n<\/div>\n<\/div>\n\n\n\n<div class=\"wp-container-32 wp-block-columns are-vertically-aligned-center\">\n<div class=\"wp-container-29 wp-block-column is-vertically-aligned-center\" style=\"flex-basis:10.7%\">\n<figure class=\"wp-block-image size-large is-style-default\"><img loading=\"lazy\" width=\"76\" height=\"77\" src=\"http:\/\/www.mslukov.cz\/wp-content\/uploads\/2021\/01\/image034.png\" alt=\"8\" class=\"wp-image-3352\"\/><\/figure>\n<\/div>\n\n\n\n<div class=\"wp-container-30 wp-block-column is-vertically-aligned-center\" style=\"flex-basis:45.84%\">\n<p><strong>Sko\u0159\u00e1pkov\u00e9 plody:<\/strong><br><strong>8a)<\/strong> mandle (Amygdalus communis L.), <strong>8b)<\/strong> l\u00edskov\u00e9 o\u0159echy (Corylus avellana), <strong>8c)<\/strong> vla\u0161sk\u00e9 o\u0159echy (Juglans regia), <strong>8d)<\/strong> ke\u0161u o\u0159echy (Anacardium occidentale), <strong>8e)<\/strong> pekanov\u00e9 o\u0159echy (Carya illinoinensis), <strong>8f)<\/strong> para o\u0159echy (Bertholletia excelsa), <strong>8g)<\/strong> pist\u00e1cie (Pistacia vera), <strong>8e)<\/strong> makadamie (Macadamia ternifolia)<\/p>\n<\/div>\n\n\n\n<div class=\"wp-container-31 wp-block-column is-vertically-aligned-center\" style=\"flex-basis:20%\">\n<figure class=\"wp-block-image size-large\"><img loading=\"lazy\" width=\"283\" height=\"236\" src=\"http:\/\/www.mslukov.cz\/wp-content\/uploads\/2021\/01\/image016.png\" alt=\"o\u0159echy\" class=\"wp-image-3339\"\/><\/figure>\n<\/div>\n<\/div>\n\n\n\n<div class=\"wp-container-36 wp-block-columns are-vertically-aligned-center\">\n<div class=\"wp-container-33 wp-block-column is-vertically-aligned-center\" style=\"flex-basis:10.7%\">\n<figure class=\"wp-block-image size-large is-style-default\"><img loading=\"lazy\" width=\"76\" height=\"78\" src=\"http:\/\/www.mslukov.cz\/wp-content\/uploads\/2021\/01\/image035.png\" alt=\"9\" class=\"wp-image-3353\"\/><\/figure>\n<\/div>\n\n\n\n<div class=\"wp-container-34 wp-block-column is-vertically-aligned-center\" style=\"flex-basis:45.84%\">\n<p class=\"has-text-align-left\"><strong>Celer a v\u00fdrobky z n\u011bj<\/strong><\/p>\n<\/div>\n\n\n\n<div class=\"wp-container-35 wp-block-column is-vertically-aligned-center\" style=\"flex-basis:20%\">\n<figure class=\"wp-block-image size-large\"><img loading=\"lazy\" width=\"207\" height=\"206\" src=\"http:\/\/www.mslukov.cz\/wp-content\/uploads\/2021\/01\/image020.png\" alt=\"celer\" class=\"wp-image-3341\" srcset=\"https:\/\/www.mslukov.cz\/wp-content\/uploads\/2021\/01\/image020.png 207w, https:\/\/www.mslukov.cz\/wp-content\/uploads\/2021\/01\/image020-150x150.png 150w\" sizes=\"(max-width: 207px) 100vw, 207px\" \/><\/figure>\n<\/div>\n<\/div>\n\n\n\n<div class=\"wp-container-40 wp-block-columns are-vertically-aligned-center\">\n<div class=\"wp-container-37 wp-block-column is-vertically-aligned-center\" style=\"flex-basis:10.7%\">\n<figure class=\"wp-block-image size-large is-style-default\"><img loading=\"lazy\" width=\"76\" height=\"78\" src=\"http:\/\/www.mslukov.cz\/wp-content\/uploads\/2021\/01\/image036.png\" alt=\"10\" class=\"wp-image-3354\"\/><\/figure>\n<\/div>\n\n\n\n<div class=\"wp-container-38 wp-block-column is-vertically-aligned-center\" style=\"flex-basis:45.84%\">\n<p class=\"has-text-align-left\"><strong>Ho\u0159\u010dice a v\u00fdrobky z n\u00ed<\/strong><\/p>\n<\/div>\n\n\n\n<div class=\"wp-container-39 wp-block-column is-vertically-aligned-center\" style=\"flex-basis:20%\">\n<figure class=\"wp-block-image size-large\"><img loading=\"lazy\" width=\"259\" height=\"203\" src=\"http:\/\/www.mslukov.cz\/wp-content\/uploads\/2021\/01\/image018.png\" alt=\"ho\u0159\u010dice\" class=\"wp-image-3340\"\/><\/figure>\n<\/div>\n<\/div>\n\n\n\n<div class=\"wp-container-44 wp-block-columns are-vertically-aligned-center\">\n<div class=\"wp-container-41 wp-block-column is-vertically-aligned-center\" style=\"flex-basis:10.7%\">\n<figure class=\"wp-block-image size-large is-style-default\"><img loading=\"lazy\" width=\"76\" height=\"78\" src=\"http:\/\/www.mslukov.cz\/wp-content\/uploads\/2021\/01\/image037.png\" alt=\"11\" class=\"wp-image-3355\"\/><\/figure>\n<\/div>\n\n\n\n<div class=\"wp-container-42 wp-block-column is-vertically-aligned-center\" style=\"flex-basis:45.84%\">\n<p class=\"has-text-align-left\"><strong>Sezamov\u00e1 semena a v\u00fdrobky z nich<\/strong><\/p>\n<\/div>\n\n\n\n<div class=\"wp-container-43 wp-block-column is-vertically-aligned-center\" style=\"flex-basis:20%\">\n<figure class=\"wp-block-image size-large\"><img loading=\"lazy\" width=\"299\" height=\"198\" src=\"http:\/\/www.mslukov.cz\/wp-content\/uploads\/2021\/01\/image022.png\" alt=\"Sezamov\u00e1 sem\u00ednka\" class=\"wp-image-3342\"\/><\/figure>\n<\/div>\n<\/div>\n\n\n\n<div class=\"wp-container-48 wp-block-columns are-vertically-aligned-center\">\n<div class=\"wp-container-45 wp-block-column is-vertically-aligned-center\" style=\"flex-basis:10.7%\">\n<figure class=\"wp-block-image size-large is-style-default\"><img loading=\"lazy\" width=\"76\" height=\"78\" src=\"http:\/\/www.mslukov.cz\/wp-content\/uploads\/2021\/01\/image038.png\" alt=\"12\" class=\"wp-image-3356\"\/><\/figure>\n<\/div>\n\n\n\n<div class=\"wp-container-46 wp-block-column is-vertically-aligned-center\" style=\"flex-basis:45.84%\">\n<p><strong>Oxid si\u0159i\u010dit\u00fd a si\u0159i\u010ditany<\/strong><br>v koncentrac\u00edch vy\u0161\u0161\u00edch ne\u017e 10 mg\/kg nebo 10 mg\/l, vyj\u00e1d\u0159eno jako celkov\u00fd SO2<\/p>\n<\/div>\n\n\n\n<div class=\"wp-container-47 wp-block-column is-vertically-aligned-center\" style=\"flex-basis:20%\">\n<figure class=\"wp-block-image size-large\"><img loading=\"lazy\" width=\"224\" height=\"149\" src=\"http:\/\/www.mslukov.cz\/wp-content\/uploads\/2021\/01\/image028.jpg\" alt=\"oxid s\u00ed\u0159i\u010dit\u00fd\" class=\"wp-image-3365\"\/><\/figure>\n<\/div>\n<\/div>\n\n\n\n<div class=\"wp-container-52 wp-block-columns are-vertically-aligned-center\">\n<div class=\"wp-container-49 wp-block-column is-vertically-aligned-center\" style=\"flex-basis:10.7%\">\n<figure class=\"wp-block-image size-large is-style-default\"><img loading=\"lazy\" width=\"76\" height=\"78\" src=\"http:\/\/www.mslukov.cz\/wp-content\/uploads\/2021\/01\/image039.png\" alt=\"13\" class=\"wp-image-3357\"\/><\/figure>\n<\/div>\n\n\n\n<div class=\"wp-container-50 wp-block-column is-vertically-aligned-center\" style=\"flex-basis:45.84%\">\n<p><strong>Vl\u010d\u00ed bob (lupina) a v\u00fdrobky z n\u011bj<\/strong><\/p>\n<\/div>\n\n\n\n<div class=\"wp-container-51 wp-block-column is-vertically-aligned-center\" style=\"flex-basis:20%\">\n<figure class=\"wp-block-image size-large\"><img loading=\"lazy\" width=\"267\" height=\"182\" src=\"http:\/\/www.mslukov.cz\/wp-content\/uploads\/2021\/01\/image024.png\" alt=\"Vl\u010d\u00ed bob\" class=\"wp-image-3343\"\/><\/figure>\n<\/div>\n<\/div>\n\n\n\n<div class=\"wp-container-56 wp-block-columns are-vertically-aligned-center\">\n<div class=\"wp-container-53 wp-block-column is-vertically-aligned-center\" style=\"flex-basis:10.7%\">\n<figure class=\"wp-block-image size-large is-style-default\"><img loading=\"lazy\" width=\"76\" height=\"78\" src=\"http:\/\/www.mslukov.cz\/wp-content\/uploads\/2021\/01\/image040.png\" alt=\"14\" class=\"wp-image-3358\"\/><\/figure>\n<\/div>\n\n\n\n<div class=\"wp-container-54 wp-block-column is-vertically-aligned-center\" style=\"flex-basis:45.84%\">\n<p><strong>M\u011bkk\u00fd\u0161i a v\u00fdrobky z nich<\/strong><\/p>\n<\/div>\n\n\n\n<div class=\"wp-container-55 wp-block-column is-vertically-aligned-center\" style=\"flex-basis:20%\">\n<figure class=\"wp-block-image size-large\"><img loading=\"lazy\" width=\"419\" height=\"161\" src=\"http:\/\/www.mslukov.cz\/wp-content\/uploads\/2021\/01\/image026.png\" alt=\"M\u011bkk\u00fd\u0161i\" class=\"wp-image-3344\" srcset=\"https:\/\/www.mslukov.cz\/wp-content\/uploads\/2021\/01\/image026.png 419w, https:\/\/www.mslukov.cz\/wp-content\/uploads\/2021\/01\/image026-300x115.png 300w\" sizes=\"(max-width: 419px) 100vw, 419px\" \/><\/figure>\n<\/div>\n<\/div>\n","protected":false},"excerpt":{"rendered":"<p>Obiloviny obsahuj\u00edc\u00ed lepek: 1a) p\u0161enice (nap\u0159\u00edklad \u0161palda a khorasan), 1b) \u017eito, 1c) je\u010dmen, 1d) oves Kor\u00fd\u0161i a v\u00fdrobky z nich Vejce a v\u00fdrobky z nich Ryby a v\u00fdrobky z nich J\u00e1dra podzemnice olejn\u00e9 (ara\u0161\u00eddy) a v\u00fdrobky z nich S\u00f3jov\u00e9 boby a v\u00fdrobky z nich Ml\u00e9ko a v\u00fdrobky z n\u011bj (v\u010detn\u011b lakt\u00f3zy) Sko\u0159\u00e1pkov\u00e9 plody:8a) mandle (Amygdalus [&hellip;]<\/p>\n","protected":false},"author":1,"featured_media":0,"parent":0,"menu_order":0,"comment_status":"closed","ping_status":"closed","template":"","meta":[],"_links":{"self":[{"href":"https:\/\/www.mslukov.cz\/index.php\/wp-json\/wp\/v2\/pages\/3333"}],"collection":[{"href":"https:\/\/www.mslukov.cz\/index.php\/wp-json\/wp\/v2\/pages"}],"about":[{"href":"https:\/\/www.mslukov.cz\/index.php\/wp-json\/wp\/v2\/types\/page"}],"author":[{"embeddable":true,"href":"https:\/\/www.mslukov.cz\/index.php\/wp-json\/wp\/v2\/users\/1"}],"replies":[{"embeddable":true,"href":"https:\/\/www.mslukov.cz\/index.php\/wp-json\/wp\/v2\/comments?post=3333"}],"version-history":[{"count":4,"href":"https:\/\/www.mslukov.cz\/index.php\/wp-json\/wp\/v2\/pages\/3333\/revisions"}],"predecessor-version":[{"id":3370,"href":"https:\/\/www.mslukov.cz\/index.php\/wp-json\/wp\/v2\/pages\/3333\/revisions\/3370"}],"wp:attachment":[{"href":"https:\/\/www.mslukov.cz\/index.php\/wp-json\/wp\/v2\/media?parent=3333"}],"curies":[{"name":"wp","href":"https:\/\/api.w.org\/{rel}","templated":true}]}}