{"id":3226,"date":"2020-11-27T18:07:21","date_gmt":"2020-11-27T16:07:21","guid":{"rendered":"http:\/\/www.mslukov.cz\/?page_id=3226"},"modified":"2022-11-16T01:07:35","modified_gmt":"2022-11-15T23:07:35","slug":"skolni-dokumenty","status":"publish","type":"page","link":"https:\/\/www.mslukov.cz\/index.php\/skolni-dokumenty\/","title":{"rendered":"\u0160koln\u00ed dokumenty"},"content":{"rendered":"\n<p><a href=\"http:\/\/www.mslukov.cz\/wp-content\/uploads\/2022\/11\/SVP_2022.pdf\">\u0161koln\u00ed vzd\u011bl\u00e1vac\u00ed program<\/a><br><a href=\"http:\/\/www.mslukov.cz\/wp-content\/uploads\/2022\/11\/Skolni_rad_platny_od_20220901.pdf\" target=\"_blank\" rel=\"noreferrer noopener\">\u0161koln\u00ed \u0159\u00e1d platn\u00fd od 1.9.2022<\/a><br><a rel=\"noreferrer noopener\" href=\"http:\/\/www.mslukov.cz\/wp-content\/uploads\/2022\/04\/Smernice_o_uplate_1_9_2021.pdf\" target=\"_blank\">sm\u011brnice o \u00faplat\u011b platn\u00e1 od 1.9.2021<\/a><\/p>\n\n\n\n<p><\/p>\n","protected":false},"excerpt":{"rendered":"<p>\u0161koln\u00ed vzd\u011bl\u00e1vac\u00ed program\u0161koln\u00ed \u0159\u00e1d platn\u00fd od 1.9.2022sm\u011brnice o \u00faplat\u011b platn\u00e1 od 1.9.2021<\/p>\n","protected":false},"author":1,"featured_media":0,"parent":0,"menu_order":0,"comment_status":"closed","ping_status":"closed","template":"","meta":[],"_links":{"self":[{"href":"https:\/\/www.mslukov.cz\/index.php\/wp-json\/wp\/v2\/pages\/3226"}],"collection":[{"href":"https:\/\/www.mslukov.cz\/index.php\/wp-json\/wp\/v2\/pages"}],"about":[{"href":"https:\/\/www.mslukov.cz\/index.php\/wp-json\/wp\/v2\/types\/page"}],"author":[{"embeddable":true,"href":"https:\/\/www.mslukov.cz\/index.php\/wp-json\/wp\/v2\/users\/1"}],"replies":[{"embeddable":true,"href":"https:\/\/www.mslukov.cz\/index.php\/wp-json\/wp\/v2\/comments?post=3226"}],"version-history":[{"count":9,"href":"https:\/\/www.mslukov.cz\/index.php\/wp-json\/wp\/v2\/pages\/3226\/revisions"}],"predecessor-version":[{"id":4904,"href":"https:\/\/www.mslukov.cz\/index.php\/wp-json\/wp\/v2\/pages\/3226\/revisions\/4904"}],"wp:attachment":[{"href":"https:\/\/www.mslukov.cz\/index.php\/wp-json\/wp\/v2\/media?parent=3226"}],"curies":[{"name":"wp","href":"https:\/\/api.w.org\/{rel}","templated":true}]}}