{"id":3178,"date":"2020-11-27T12:37:52","date_gmt":"2020-11-27T10:37:52","guid":{"rendered":"http:\/\/www.mslukov.cz\/?page_id=3178"},"modified":"2020-11-27T17:45:21","modified_gmt":"2020-11-27T15:45:21","slug":"povinne-informace-skolky","status":"publish","type":"page","link":"https:\/\/www.mslukov.cz\/index.php\/povinne-informace-skolky\/","title":{"rendered":"Povinn\u00e9 informace"},"content":{"rendered":"\n<p><strong>Povinn\u00e9 informace dle z\u00e1kona \u010d. 106\/1999 Sb. Z\u00e1kona o svobodn\u00e9m p\u0159\u00edstupu k&nbsp;informac\u00edm a dle Vyhl\u00e1\u0161ky 442\/2006 Sb. Vyhl\u00e1\u0161ka, kterou se stanov\u00ed struktura informac\u00ed zve\u0159ej\u0148ovan\u00fdch o povinn\u00e9m subjektu zp\u016fsobem umo\u017e\u0148uj\u00edc\u00edm d\u00e1lkov\u00fd p\u0159\u00edstup<\/strong><\/p>\n\n\n\n<figure class=\"wp-block-table\"><table><tbody><tr><td><strong>Ozna\u010den\u00ed a uvozovac\u00ed text<\/strong><\/td><td><strong>Obsah polo\u017eky<\/strong><\/td><\/tr><tr><td>1. N\u00e1zev<\/td><td>&nbsp; Mate\u0159sk\u00e1 \u0161kola Lukov, p\u0159\u00edsp\u011bvkov\u00e1 organizace<\/td><\/tr><tr><td>2. D\u016fvod a zp\u016fsob zalo\u017een\u00ed<\/td><td>&nbsp; Od 1.1.2003 z\u0159\u00edzena \u0160koln\u00ed j\u00eddelna Lukov, okres Zl\u00edn, p\u0159\u00edsp\u011bvkov\u00e1 organizace na z\u00e1klad\u011b usnesen\u00ed Zastupitelstva obce Lukov \u010d.j. 483\/2002 ze dne 23.11.2002. Schv\u00e1len\u00edm Dodatku \u010d.2 ke Z\u0159izovac\u00ed listin\u011b&nbsp; \u010d.j.02\/2002 ze dne 29.10.2011 byl zm\u011bn\u011bn n\u00e1zev p\u0159\u00edsp\u011bvkov\u00e9 organizace&nbsp; na nyn\u011bj\u0161\u00ed. <strong>Z\u0159izovatel : &nbsp;Obec &nbsp;Lukov, K L\u016f\u010dk\u00e1m 350, 763 17 Lukov<\/strong><\/td><\/tr><tr><td>3. Organiza\u010dn\u00ed struktura<\/td><td>&nbsp; Mate\u0159sk\u00e1 \u0161kola o t\u0159ech t\u0159\u00edd\u00e1ch s&nbsp;provozn\u00ed dobou v&nbsp;pracovn\u00edch dnech od 6:15 do 16:15 hod. &nbsp; t\u0159\u00eddy: &nbsp; Brou\u010dci \u2013 nejmlad\u0161\u00ed v\u011bkov\u00e1 skupina V\u010delky&nbsp; \u2013 star\u0161\u00ed v\u011bkov\u00e1 skupina Mot\u00fdlci \u2013 d\u011bti s&nbsp;povinn\u00fdm p\u0159ed\u0161koln\u00edm vzd\u011bl\u00e1v\u00e1n\u00edm Sou\u010d\u00e1st\u00ed subjektu je \u0161koln\u00ed j\u00eddelna zaji\u0161\u0165uj\u00edc\u00ed i stravov\u00e1n\u00ed \u017e\u00e1k\u016f Z\u00e1kladn\u00ed \u0161koly Lukov, p\u0159\u00edsp\u011bvkov\u00e9 organizace<\/td><\/tr><tr><td>4. Kontaktn\u00ed spojen\u00ed<\/td><td>&#8211;<\/td><\/tr><tr><td>4.1 Kontaktn\u00ed po\u0161tovn\u00ed adresa<\/td><td>&nbsp; K L\u016f\u010dk\u00e1m 350 763 17 Lukov<\/td><\/tr><tr><td>4.2 Adresa \u00fa\u0159adovny pro osobn\u00ed n\u00e1v\u0161t\u011bvu<\/td><td>&nbsp; Kancel\u00e1\u0159 \u0159editelky Mate\u0159sk\u00e1 \u0161kola Lukov K L\u016f\u010dk\u00e1m 350 763 17 Lukov<\/td><\/tr><tr><td>4.3 \u00da\u0159edn\u00ed hodiny<\/td><td>&nbsp; V pracovn\u00edch dnech&nbsp; 10:00 \u2013 11:00 hod &nbsp;<\/td><\/tr><tr><td>4.4 Telefonn\u00ed \u010d\u00edsla<\/td><td>&nbsp; 775&nbsp;550&nbsp;644&nbsp; &#8211; \u0159editelka &nbsp; 608&nbsp;148&nbsp;447&nbsp; &#8211; omlouv\u00e1n\u00ed d\u011bt\u00ed &nbsp; 731&nbsp;713&nbsp;458&nbsp; &#8211; \u0161koln\u00ed j\u00eddelna<\/td><\/tr><tr><td>4.5 \u010c\u00edsla faxu<\/td><td>&#8211;<\/td><\/tr><tr><td>4.6 Adresa internetov\u00e9 str\u00e1nky<\/td><td>&nbsp; <a href=\"http:\/\/www.mslukov.cz\">www.mslukov.cz<\/a><\/td><\/tr><tr><td>4.7 Adresa e-podatelny<\/td><td>&nbsp; ID Datov\u00e9 schr\u00e1nky&nbsp; <strong>d89k9gc<\/strong><\/td><\/tr><tr><td>4.8 Dal\u0161\u00ed elektronick\u00e9 adresy<\/td><td>&nbsp; <a href=\"mailto:mslukov@mslukov.cz\">mslukov@mslukov.cz<\/a> &nbsp; <a href=\"mailto:reditelka@mslukov.cz\">reditelka@mslukov.cz<\/a> &nbsp; <a href=\"mailto:jidelna@mslukov.cz\">jidelna@mslukov.cz<\/a> \u2013 \u0161koln\u00ed j\u00eddelna<\/td><\/tr><tr><td>5. P\u0159\u00edpadn\u00e9 platby lze pouk\u00e1zat<\/td><td>\u010d\u00edslo \u00fa\u010dtu 27-9030790227\/ 0100&nbsp;&nbsp; Komer\u010dn\u00ed banka<\/td><\/tr><tr><td>6. I\u010c<\/td><td>&nbsp; 70990280<\/td><\/tr><tr><td>7. DI\u010c<\/td><td>&nbsp; Nejsme pl\u00e1tci DPH<\/td><\/tr><tr><td>8. Dokumenty<\/td><td>&#8211;<\/td><\/tr><tr><td>8.1 Seznamy hlavn\u00edch dokument\u016f<\/td><td>&nbsp; -Z\u0159izovac\u00ed listina &#8211; Jmenovac\u00ed dekret statut\u00e1rn\u00edho z\u00e1stupce organizace &#8211; \u0160koln\u00ed \u0159\u00e1d Mate\u0159sk\u00e9 \u0161koly Lukov<br>&#8211; Organiza\u010dn\u00ed \u0159\u00e1d<br>&#8211; Sm\u011brnice o \u00faplat\u011b s p\u0159\u00edlohou Stanoven\u00ed \u00faplaty na \u0161koln\u00ed rok<br>&#8211; Provozn\u00ed \u0159\u00e1d &#8211; \u0160koln\u00ed vzd\u011bl\u00e1vac\u00ed program pro p\u0159ed\u0161koln\u00ed vzd\u011bl\u00e1v\u00e1n\u00ed s&nbsp;n\u00e1zvem \u201eM\u016fj domov &#8211; Obec Lukov\u201c<\/td><\/tr><tr><td>8.2 Rozpo\u010det<\/td><td><a href=\"http:\/\/www.mslukov.cz\/index.php\/povinne-zverejnene-dokumenty\/\">Povinn\u011b zve\u0159ejn\u011bn\u00e9 dokumenty (mslukov.cz)<\/a><\/td><\/tr><tr><td>9. \u017d\u00e1dosti o informace<\/td><td>Osobn\u011b v\u00a0\u00fa\u0159adovn\u011b mate\u0159sk\u00e9 \u0161koly &#8211; P\u00edsemn\u011b\u00a0 na adresu mate\u0159sk\u00e9 \u0161koly &#8211; e-mailem <a href=\"mailto:reditelka@mslukov.cz\">reditelka@mslukov.cz<\/a> &#8211; Datovou schr\u00e1nkou <strong>d89k9gc<\/strong> &#8211; Telefonicky\u00a0 775\u00a0550\u00a0644<br><a href=\"http:\/\/www.mslukov.cz\/wp-content\/uploads\/2020\/11\/Zadost_o_poskytnuti_informace.pdf\" target=\"_blank\" rel=\"noreferrer noopener\">Formul\u00e1\u0159<\/a><\/td><\/tr><tr><td>10. P\u0159\u00edjem \u017e\u00e1dost\u00ed a dal\u0161\u00edch pod\u00e1n\u00ed<\/td><td>&nbsp; osobn\u011b v&nbsp;\u00fa\u0159adovn\u011b mate\u0159sk\u00e9 \u0161koly v&nbsp;\u00fa\u0159edn\u00edch hodin\u00e1ch od 10:00 do 11:00 hod v&nbsp;pracovn\u00edch dnech<\/td><\/tr><tr><td>11. Opravn\u00e9 prost\u0159edky<\/td><td>&nbsp; &#8211; Osobn\u011b v kancel\u00e1\u0159i, po\u0161tou na adresu \u0161koly &nbsp; &#8211; Proti rozhodnut\u00ed povinn\u00e9ho subjektu o odm\u00edtnut\u00ed \u017e\u00e1dosti lze podat odvol\u00e1n\u00ed, a to nejpozd\u011bji do 15 dn\u016f od jeho doru\u010den\u00ed &nbsp; &#8211; Odvol\u00e1n\u00ed se pod\u00e1v\u00e1 u org\u00e1nu, kter\u00fd vydal rozhodnut\u00ed o odm\u00edtnut\u00ed \u017e\u00e1dosti &nbsp; &#8211; O odvol\u00e1n\u00ed rozhoduje org\u00e1n, kter\u00fd je nejbl\u00ed\u017ee nad\u0159\u00edzen\u00fdm tomu org\u00e1nu, kter\u00fd rozhodnut\u00ed vydal nebo m\u011bl vydat<\/td><\/tr><tr><td>12. Formul\u00e1\u0159e<\/td><td><a href=\"http:\/\/www.mslukov.cz\/wp-content\/uploads\/2020\/11\/Zadost_o_poskytnuti_informace.pdf\" target=\"_blank\" rel=\"noreferrer noopener\">Formul\u00e1\u0159e<\/a><\/td><\/tr><tr><td>13. Popisy postup\u016f -n\u00e1vody pro \u0159e\u0161en\u00ed \u017eivotn\u00edch situac\u00ed<\/td><td>&#8211;<\/td><\/tr><tr><td>14. P\u0159edpisy<\/td><td>&#8211;<\/td><\/tr><tr><td>14.1 Nejd\u016fle\u017eit\u011bj\u0161\u00ed pou\u017e\u00edvan\u00e9 p\u0159edpisy<\/td><td>&nbsp; &#8211; Z\u00e1kon o p\u0159ed\u0161koln\u00edm, z\u00e1kladn\u00edm, st\u0159edn\u00edm, vy\u0161\u0161\u00edm odborn\u00e9m a jin\u00e9m vzd\u011bl\u00e1v\u00e1n\u00ed \u010d. 561\/2004 Sb. (\u0160kolsk\u00fd z\u00e1kon) &#8211; Z\u00e1kon o pedagogick\u00fdch pracovn\u00edc\u00edch \u010d. 564\/200 Sb. &#8211; Z\u00e1kon\u00edk pr\u00e1ce \u010d. 262\/2006 Sb. &#8211; Z\u00e1kon \u010d. 500\/2004 Sb. Spr\u00e1vn\u00ed \u0159\u00e1d<br>&#8211; Vyhl\u00e1\u0161ka \u010d.14\/2005 Sb., o p\u0159ed\u0161koln\u00edm vzd\u011bl\u00e1v\u00e1n\u00ed<br>&#8211; Vyhl\u00e1\u0161ka \u010d. 410\/2005 Sb., o hygienick\u00fdch po\u017eadavc\u00edch na prostory a provoz za\u0159\u00edzen\u00ed a provozoven pro v\u00fdchovu a vzd\u011bl\u00e1v\u00e1n\u00ed d\u011bt\u00ed a mladistv\u00fdch. &#8211; ostatn\u00ed na <a href=\"https:\/\/www.msmt.cz\/dokumenty\" target=\"_blank\" rel=\"noreferrer noopener\">https:\/\/www.msmt.cz\/dokumenty<\/a><\/td><\/tr><tr><td>14.2 Vydan\u00e9 pr\u00e1vn\u00ed p\u0159edpisy<\/td><td>&#8211;<\/td><\/tr><tr><td>15. \u00dahrady za poskytov\u00e1n\u00ed informac\u00ed<\/td><td>&#8211;<\/td><\/tr><tr><td>15.1 Sazebn\u00edk \u00fahrad za poskytov\u00e1n\u00ed informac\u00ed<\/td><td>&nbsp;<a href=\"http:\/\/www.mslukov.cz\/index.php\/sazebnik-uhrad-za-poskytovani-informaci\/\">Sazebn\u00edk \u00fahrad za poskytov\u00e1n\u00ed informac\u00ed<\/a><\/td><\/tr><tr><td>15.2 Usnesen\u00ed nad\u0159\u00edzen\u00e9ho org\u00e1nu o v\u00fd\u0161i \u00fahrad za poskytnut\u00ed informac\u00ed<\/td><td>&#8211;<\/td><\/tr><tr><td>16. Licen\u010dn\u00ed smlouvy<\/td><td>&#8211;<\/td><\/tr><tr><td>16.1 Vzory licen\u010dn\u00edch smluv<\/td><td>&#8211;<\/td><\/tr><tr><td>16.2 V\u00fdhradn\u00ed licence<\/td><td>&#8211;<\/td><\/tr><tr><td>17. V\u00fdro\u010dn\u00ed zpr\u00e1va podle z\u00e1kona \u010d. 106\/1999 Sb.<\/td><td><a href=\"http:\/\/www.mslukov.cz\/index.php\/povinne-zverejnene-dokumenty\/\">Povinn\u011b zve\u0159ejn\u011bn\u00e9 dokumenty (mslukov.cz)<\/a><\/td><\/tr><\/tbody><\/table><\/figure>\n","protected":false},"excerpt":{"rendered":"<p>Povinn\u00e9 informace dle z\u00e1kona \u010d. 106\/1999 Sb. Z\u00e1kona o svobodn\u00e9m p\u0159\u00edstupu k&nbsp;informac\u00edm a dle Vyhl\u00e1\u0161ky 442\/2006 Sb. Vyhl\u00e1\u0161ka, kterou se stanov\u00ed struktura informac\u00ed zve\u0159ej\u0148ovan\u00fdch o povinn\u00e9m subjektu zp\u016fsobem umo\u017e\u0148uj\u00edc\u00edm d\u00e1lkov\u00fd p\u0159\u00edstup Ozna\u010den\u00ed a uvozovac\u00ed text Obsah polo\u017eky 1. N\u00e1zev &nbsp; Mate\u0159sk\u00e1 \u0161kola Lukov, p\u0159\u00edsp\u011bvkov\u00e1 organizace 2. D\u016fvod a zp\u016fsob zalo\u017een\u00ed &nbsp; Od 1.1.2003 z\u0159\u00edzena \u0160koln\u00ed [&hellip;]<\/p>\n","protected":false},"author":1,"featured_media":0,"parent":0,"menu_order":0,"comment_status":"closed","ping_status":"closed","template":"","meta":[],"_links":{"self":[{"href":"https:\/\/www.mslukov.cz\/index.php\/wp-json\/wp\/v2\/pages\/3178"}],"collection":[{"href":"https:\/\/www.mslukov.cz\/index.php\/wp-json\/wp\/v2\/pages"}],"about":[{"href":"https:\/\/www.mslukov.cz\/index.php\/wp-json\/wp\/v2\/types\/page"}],"author":[{"embeddable":true,"href":"https:\/\/www.mslukov.cz\/index.php\/wp-json\/wp\/v2\/users\/1"}],"replies":[{"embeddable":true,"href":"https:\/\/www.mslukov.cz\/index.php\/wp-json\/wp\/v2\/comments?post=3178"}],"version-history":[{"count":8,"href":"https:\/\/www.mslukov.cz\/index.php\/wp-json\/wp\/v2\/pages\/3178\/revisions"}],"predecessor-version":[{"id":3220,"href":"https:\/\/www.mslukov.cz\/index.php\/wp-json\/wp\/v2\/pages\/3178\/revisions\/3220"}],"wp:attachment":[{"href":"https:\/\/www.mslukov.cz\/index.php\/wp-json\/wp\/v2\/media?parent=3178"}],"curies":[{"name":"wp","href":"https:\/\/api.w.org\/{rel}","templated":true}]}}