{"id":3170,"date":"2025-04-28T00:00:00","date_gmt":"2025-04-27T22:00:00","guid":{"rendered":"http:\/\/www.mslukov.cz\/?page_id=3170"},"modified":"2026-03-18T15:54:34","modified_gmt":"2026-03-18T13:54:34","slug":"zapis-do-ms","status":"publish","type":"page","link":"https:\/\/www.mslukov.cz\/index.php\/zapis-do-ms\/","title":{"rendered":"Z\u00c1PIS DO MATE\u0158SK\u00c9 \u0160KOLY LUKOV"},"content":{"rendered":"\n<p><strong>na \u0161koln\u00ed rok 2026- 2027<br>p\u0159ij\u00edm\u00e1n\u00ed \u017e\u00e1dost\u00ed o z\u00e1pis k p\u0159ed\u0161koln\u00edmu vzd\u011bl\u00e1v\u00e1n\u00ed bude prob\u00edhat od 13. dubna do 15. dubna 2026 v kancel\u00e1\u0159i \u0159editelky mate\u0159sk\u00e9 \u0161koly.<\/strong> <\/p>\n\n\n\n<h2 class=\"has-text-align-left\">Informace o pr\u016fb\u011bhu<\/h2>\n\n\n\n<p><\/p>\n\n\n\n<ul><li><strong><mark style=\"background-color:rgba(0, 0, 0, 0)\" class=\"has-inline-color has-vivid-cyan-blue-color\">Sou\u010d\u00e1st\u00ed z\u00e1pisu je den otev\u0159en\u00fdch dve\u0159\u00ed pro rodi\u010de a d\u011bti, kter\u00fd po\u0159\u00e1d\u00e1 mate\u0159sk\u00e1 \u0161kola v term\u00ednu 18.b\u0159ezna 2026 v dob\u011b od 10:00 do 11:00 hod.<\/mark><\/strong><\/li><li><strong>K zaps\u00e1n\u00ed d\u00edt\u011bte do mate\u0159sk\u00e9 \u0161koly je t\u0159eba podat \u017d\u00e1dost o p\u0159ijet\u00ed d\u00edt\u011bte k p\u0159ed\u0161koln\u00edmu vzd\u011bl\u00e1v\u00e1n\u00ed. U d\u011bt\u00ed mlad\u0161\u00edch 5 let dolo\u017eit z\u00e1konem stanoven\u00e9 o\u010dkov\u00e1n\u00ed d\u00edt\u011bte potvrzen\u00edm praktick\u00e9ho d\u011btsk\u00e9ho l\u00e9ka\u0159e (je sou\u010d\u00e1st\u00ed \u017e\u00e1dosti). Formul\u00e1\u0159e (<a rel=\"noreferrer noopener\" href=\"http:\/\/www.mslukov.cz\/Zadost_o_prijeti.html\" target=\"_blank\">\u017e\u00e1dost o p\u0159ijet\u00ed<\/a>) nejprve vypl\u0148te na str\u00e1nce kl\u00e1vesnic\u00ed a po t\u00e9 vytiskn\u011bte. Po telefonick\u00e9 dohod\u011b na \u010d\u00edsle 775 550 644 je mo\u017en\u00e9 vyti\u0161t\u011bnou \u017e\u00e1dost vyzvednout v mate\u0159sk\u00e9 \u0161kole.<br>K \u017e\u00e1dosti je nutn\u00e9 dolo\u017eit prostou kopii rodn\u00e9ho listu d\u00edt\u011bte.<\/strong><br><br>\u017d\u00e1dost mohou z\u00e1konn\u00ed z\u00e1stupci doru\u010dit n\u00e1sleduj\u00edc\u00edmi zp\u016fsoby:<ul><li>osobn\u00edm pod\u00e1n\u00edm v kancel\u00e1\u0159i \u0161koly  ve dnech 13.-15. dubna 2026 <\/li><li><strong>P\u0158EDZ\u00c1PIS &#8211; od 19. 3. do 31.3.2026  VYPL\u0147TE PO\u017dADOVAN\u00c9 \u00daDAJE A REZERVUJTE SI TERM\u00cdN OSOBN\u00cdHO SETK\u00c1N\u00cd V KANCEL\u00c1\u0158I \u0160KOLY    <a href=\"https:\/\/mslukov.reservando.cz\/#!\/bookings\/full\/6624\/2026-04-13\">ZDE<\/a><\/strong><\/li><li>do datov\u00e9 schr\u00e1nky \u0161koly, \u010d\u00edslo <strong>d89k9gc<\/strong><\/li><li>e-mailem s elektronick\u00fdm podpisem z\u00e1konn\u00e9ho z\u00e1stupce na adresu <a href=\"mailto:mslukov@mslukov.cz\">mslukov@mslukov.cz<\/a><\/li><li>po\u0161tou na adresu  <strong>Mate\u0159sk\u00e1 \u0161kola Lukov, p\u0159\u00edsp\u011bvkov\u00e1  organizace 763 17Lukov, K L\u016f\u010dk\u00e1m 350<\/strong> (rozhoduj\u00edc\u00ed je datum pod\u00e1n\u00ed na po\u0161tu),<\/li><li>Pokud z\u00e1konn\u00fd z\u00e1stupce pod\u00e1 \u017e\u00e1dost prost\u0159ednictv\u00edm jin\u00fdch technick\u00fdch prost\u0159edk\u016f, ne\u017e jsou v\u00fd\u0161e uveden\u00e9 (nap\u0159. e-mailem bez uzn\u00e1van\u00e9ho elektronick\u00e9ho podpisu, apod.), je nutn\u00e9, aby ji do 5 dn\u016f potvrdil n\u011bkter\u00fdm z v\u00fd\u0161e uveden\u00fdch zp\u016fsob\u016f, jinak se k \u017e\u00e1dosti nep\u0159ihl\u00ed\u017e\u00ed.<\/li><\/ul><\/li><\/ul>\n\n\n\n<ul><li><a rel=\"noreferrer noopener\" href=\"http:\/\/www.mslukov.cz\/Zadost_o_prijeti.html\" target=\"_blank\">\u017e\u00e1dost o p\u0159ijet\u00ed k p\u0159ed\u0161koln\u00edmu vzd\u011bl\u00e1v\u00e1n\u00ed <\/a>(vytisknout s dopln\u011bn\u00fdmi \u00fadaji oboustrann\u011b)<\/li><li><a href=\"http:\/\/www.mslukov.cz\/wp-content\/uploads\/2020\/03\/Cteni_pro_rodice_pred_nastupem_deti_do_skolky.pdf\">\u010dten\u00ed pro rodi\u010de p\u0159ed\u2026.<\/a><\/li><li><a href=\"https:\/\/mslukov.reservando.cz\/#!\/bookings\/full\/6624\/2026-04-13\">on-line rezervace term\u00ednu z\u00e1pisu (mo\u017en\u00e9 od 19.3. do 31.3.2026)<\/a><\/li><\/ul>\n\n\n\n<p class=\"has-small-font-size\"><\/p>\n\n\n\n<ul><li><strong>Po obdr\u017een\u00ed \u017d\u00e1dosti o p\u0159ijet\u00ed d\u00edt\u011bte k p\u0159ed\u0161koln\u00edmu vzd\u011bl\u00e1v\u00e1n\u00ed mate\u0159sk\u00e1 \u0161kola za\u0161le na v\u00e1mi uveden\u00fd kontakt v\u00a0\u017e\u00e1dosti (e-mail, tel.), p\u0159i osobn\u00edm pod\u00e1n\u00ed p\u0159ed\u00e1, registra\u010dn\u00ed \u010d\u00edslo \u017e\u00e1dosti.<\/strong><\/li><li><strong>Term\u00edn pro nahl\u00e9dnut\u00ed do spisu\u00a0k dopln\u011bn\u00ed nezbytn\u00fdch \u00fadaj\u016f ovliv\u0148uj\u00edc\u00edch p\u0159ijet\u00ed d\u00edt\u011bte je stanoven na 17.dubna 2026 od 10 do 11h.<\/strong><\/li><li><strong>O p\u0159ijet\u00ed \u010di nep\u0159ijet\u00ed uchaze\u010d\u016f rozhoduje mate\u0159sk\u00e1 \u0161kola svoj\u00ed \u0159editelkou ve spr\u00e1vn\u00edm \u0159\u00edzen\u00ed v\u00a0souladu s\u00a0krit\u00e9rii stanoven\u00fdmi mate\u0159skou \u0161kolou <u><a href=\"http:\/\/www.mslukov.cz\/index.php\/kriteria-pro-zapis\/\">ZDE<\/a><\/u><\/strong><\/li><li><strong>V\u00fdsledky z\u00e1pisu budou zve\u0159ejn\u011bny prost\u0159ednictv\u00edm seznamu registra\u010dn\u00edch \u010d\u00edsel p\u0159ijat\u00fdch uchaze\u010d\u016f na webov\u00fdch str\u00e1nk\u00e1ch mate\u0159sk\u00e9 \u0161koly <\/strong><a href=\"http:\/\/www.mslukov.cz\"><strong>www.mslukov.cz<\/strong><\/a><strong> a na vstupn\u00edch dve\u0159\u00edch mate\u0159sk\u00e9 \u0161koly v\u00a0term\u00ednu od 4. do 19. kv\u011btna 2026.<\/strong><\/li><li><strong>Rozhodnut\u00ed o nep\u0159ijet\u00ed d\u00edt\u011bte bude doru\u010deno po\u0161tou na uvedenou kontaktn\u00ed adresu v\u00a0\u017e\u00e1dosti.<\/strong><\/li><\/ul>\n\n\n\n<p class=\"has-text-align-center\">P\u0159\u00edpadn\u00e9 dotazy budou zodpov\u011bzeny na tel. 775&nbsp;550&nbsp;644, \u0159editelkou m\u0161<\/p>\n\n\n\n<h3><strong>INFORMACE O POVINN\u00c9M P\u0158ED\u0160KOLN\u00cdM VZD\u011aL\u00c1V\u00c1N\u00cd<\/strong><\/h3>\n\n\n\n<ul><li><strong>Povinnost plnit p\u0159ed\u0161koln\u00ed vzd\u011bl\u00e1v\u00e1n\u00ed maj\u00ed d\u011bti, kter\u00e9 dos\u00e1hnou do 31. 8. 2026 p\u011bti let.<\/strong><\/li><li>Z\u00e1konn\u00fd z\u00e1stupce m\u016f\u017ee m\u00edsto povinn\u00e9ho p\u0159ed\u0161koln\u00edho vzd\u011bl\u00e1v\u00e1n\u00ed v M\u0160 zvolit <strong>individu\u00e1ln\u00ed vzd\u011bl\u00e1v\u00e1n\u00ed dle <\/strong>\u00a7 34b \u0161kolsk\u00e9ho z\u00e1kona. D\u00edt\u011b pak vzd\u011bl\u00e1v\u00e1 doma s\u00e1m, vzd\u011bl\u00e1vat ho m\u016f\u017ee i jin\u00e1 osoba, nebo nav\u0161t\u011bvuje jin\u00e9 za\u0159\u00edzen\u00ed, ne\u017e je mate\u0159sk\u00e1 \u0161kola. Z\u00e1konn\u00fd z\u00e1stupce mus\u00ed nicm\u00e9n\u011b i tak p\u0159ihl\u00e1sit d\u00edt\u011b k z\u00e1pisu k p\u0159ed\u0161koln\u00edmu vzd\u011bl\u00e1v\u00e1n\u00ed. Ozn\u00e1men\u00ed o individu\u00e1ln\u00edm vzd\u011bl\u00e1v\u00e1n\u00ed d\u00edt\u011bte p\u0159ed\u00e1 z\u00e1konn\u00fd z\u00e1stupce \u0159editeli \u0161koly z\u00e1rove\u0148 s \u017e\u00e1dost\u00ed o p\u0159ijet\u00ed k p\u0159ed\u0161koln\u00edmu vzd\u011bl\u00e1v\u00e1n\u00ed nebo nejpozd\u011bji 3 m\u011bs\u00edce p\u0159ed po\u010d\u00e1tkem \u0161koln\u00edho roku, tedy do 31. kv\u011btna 2026.<\/li><\/ul>\n","protected":false},"excerpt":{"rendered":"<p>na \u0161koln\u00ed rok 2026- 2027p\u0159ij\u00edm\u00e1n\u00ed \u017e\u00e1dost\u00ed o z\u00e1pis k p\u0159ed\u0161koln\u00edmu vzd\u011bl\u00e1v\u00e1n\u00ed bude prob\u00edhat od 13. dubna do 15. dubna 2026 v kancel\u00e1\u0159i \u0159editelky mate\u0159sk\u00e9 \u0161koly. Informace o pr\u016fb\u011bhu Sou\u010d\u00e1st\u00ed z\u00e1pisu je den otev\u0159en\u00fdch dve\u0159\u00ed pro rodi\u010de a d\u011bti, kter\u00fd po\u0159\u00e1d\u00e1 mate\u0159sk\u00e1 \u0161kola v term\u00ednu 18.b\u0159ezna 2026 v dob\u011b od 10:00 do 11:00 hod. K zaps\u00e1n\u00ed [&hellip;]<\/p>\n","protected":false},"author":1,"featured_media":0,"parent":0,"menu_order":0,"comment_status":"closed","ping_status":"closed","template":"","meta":[],"_links":{"self":[{"href":"https:\/\/www.mslukov.cz\/index.php\/wp-json\/wp\/v2\/pages\/3170"}],"collection":[{"href":"https:\/\/www.mslukov.cz\/index.php\/wp-json\/wp\/v2\/pages"}],"about":[{"href":"https:\/\/www.mslukov.cz\/index.php\/wp-json\/wp\/v2\/types\/page"}],"author":[{"embeddable":true,"href":"https:\/\/www.mslukov.cz\/index.php\/wp-json\/wp\/v2\/users\/1"}],"replies":[{"embeddable":true,"href":"https:\/\/www.mslukov.cz\/index.php\/wp-json\/wp\/v2\/comments?post=3170"}],"version-history":[{"count":51,"href":"https:\/\/www.mslukov.cz\/index.php\/wp-json\/wp\/v2\/pages\/3170\/revisions"}],"predecessor-version":[{"id":7414,"href":"https:\/\/www.mslukov.cz\/index.php\/wp-json\/wp\/v2\/pages\/3170\/revisions\/7414"}],"wp:attachment":[{"href":"https:\/\/www.mslukov.cz\/index.php\/wp-json\/wp\/v2\/media?parent=3170"}],"curies":[{"name":"wp","href":"https:\/\/api.w.org\/{rel}","templated":true}]}}