{"id":274,"date":"2018-06-15T16:41:24","date_gmt":"2018-06-15T14:41:24","guid":{"rendered":"http:\/\/mslukov.jdcomputer.eu\/?page_id=274"},"modified":"2026-02-05T18:20:34","modified_gmt":"2026-02-05T16:20:34","slug":"o-nas-2","status":"publish","type":"page","link":"https:\/\/www.mslukov.cz\/index.php\/o-nas-2\/","title":{"rendered":"O n\u00e1s"},"content":{"rendered":"<div class=\"vc_row wpb_row vc_row-fluid\">\n<div class=\"wpb_column vc_column_container vc_col-sm-12\">\n<div class=\"vc_column-inner \">\n<div class=\"wpb_wrapper\">\n<div class=\"wpb_text_column wpb_content_element wpb_animate_when_almost_visible wpb_appear\">\n<div class=\"wpb_wrapper\">\n<h3><strong><span style=\"color: #99cc00;\">\u00a0Identifika\u010dn\u00ed \u00fadaje organizace<br \/>\n<\/span><\/strong><\/h3>\n<table style=\"height: 764px;\" width=\"640\">\n<tbody>\n<tr>\n<td width=\"180\">n\u00e1zev<\/td>\n<td width=\"462\"><strong>Mate\u0159sk\u00e1 \u0161kola Lukov, p\u0159\u00edsp\u011bvkov\u00e1 organizace<\/strong><\/td>\n<\/tr>\n<tr>\n<td width=\"180\">adresa<\/td>\n<td width=\"462\"><strong>K L\u016f\u010dk\u00e1m 350, 763 17 Lukov<\/strong><\/td>\n<\/tr>\n<tr>\n<td width=\"180\">sou\u010d\u00e1st organizace<\/td>\n<td width=\"462\"><strong>\u0160koln\u00ed j\u00eddelna<\/strong><\/td>\n<\/tr>\n<tr>\n<td width=\"180\">pr\u00e1vn\u00ed forma<\/td>\n<td width=\"462\"><strong>p\u0159\u00edsp\u011bvkov\u00e1 organizace<\/strong><\/td>\n<\/tr>\n<tr>\n<td width=\"180\">z\u0159izovatel<\/td>\n<td width=\"462\"><strong>Obec Lukov, K L\u016f\u010dk\u00e1m 350, 763 17Lukov<\/strong><\/td>\n<\/tr>\n<tr>\n<td width=\"180\">I\u010c organizace<\/td>\n<td width=\"462\"><strong>70990280<\/strong><\/td>\n<\/tr>\n<tr>\n<td width=\"180\">DI\u010c<\/td>\n<td width=\"462\"><strong>CZ70990280<\/strong><\/td>\n<\/tr>\n<tr>\n<td width=\"180\">IZO mate\u0159sk\u00e9 \u0161koly<\/td>\n<td width=\"462\"><strong>107\u00a0605 813<\/strong><\/td>\n<\/tr>\n<tr>\n<td width=\"180\">IZO \u0161koln\u00ed j\u00eddelny<\/td>\n<td width=\"462\"><strong>103<\/strong><\/td>\n<\/tr>\n<tr>\n<td width=\"180\">statut\u00e1rn\u00ed z\u00e1stupce<\/td>\n<td width=\"462\"><strong>\u0159editelka \u0161koly jmenovan\u00e1 z\u0159izovatelem<\/strong><\/td>\n<\/tr>\n<tr>\n<td width=\"180\">\u0159editelka<\/td>\n<td width=\"462\"><strong>Bc. Radka Ba\u010d\u016fvkov\u00e1<\/strong><\/td>\n<\/tr>\n<tr>\n<td width=\"180\">datov\u00e1 schr\u00e1nka<\/td>\n<td width=\"462\">\n<table id=\"orsmallinfotab\">\n<tbody>\n<tr>\n<td><\/td>\n<td><strong>d89k9gc<\/strong><\/td>\n<\/tr>\n<\/tbody>\n<\/table>\n<\/td>\n<\/tr>\n<\/tbody>\n<\/table>\n<table style=\"height: 115px;\" width=\"640\" cellspacing=\"1\" cellpadding=\"1\">\n<tbody>\n<tr>\n<td>Kapacita budovy<\/td>\n<td>73\u00a0d\u011bt\u00ed<\/td>\n<\/tr>\n<tr>\n<td>Provozn\u00ed doba M\u0160<\/td>\n<td>6:00 \u2013 16:30 hod.<\/td>\n<\/tr>\n<tr>\n<td>Po\u010det t\u0159\u00edd s celodenn\u00edm provozem<\/td>\n<td>3<\/td>\n<\/tr>\n<\/tbody>\n<\/table>\n<\/div>\n<\/div>\n<\/div>\n<\/div>\n<\/div>\n<\/div>\n<h3><\/h3>\n<div class=\"vc_row wpb_row vc_row-fluid\">\n<div class=\"wpb_column vc_column_container vc_col-sm-12\">\n<div class=\"vc_column-inner \">\n<div class=\"wpb_wrapper\">\n<div class=\"wpb_text_column wpb_content_element \">\n<div class=\"wpb_wrapper\">\n<h3><span style=\"color: #99cc00;\"><strong>Organizace provozu\u00a0 &#8211;\u00a0 \u0161koln\u00ed rok 2025\/2026<\/strong><\/span><\/h3>\n<h4><strong>t\u0159\u00edda Mot\u00fdlci: d\u011bti s povinn\u00fdm p\u0159ed\u0161koln\u00edm vzd\u011bl\u00e1v\u00e1n\u00edm\u00a0<\/strong><\/h4>\n<p><em>t\u0159\u00eddn\u00ed u\u010ditelky:<\/em> Bc. Radka Ba\u010d\u016fvkov\u00e1, Jitka Topi\u010dov\u00e1, Bc. Martina Dr\u00e1bkov\u00e1<\/p>\n<p><em>asistent pedagoga<\/em>: Lucie Chmela\u0159ov\u00e1<\/p>\n<h4><strong>t\u0159\u00edda V\u010delky: d\u011bti 4 \u2013 5 let\u00e9 <\/strong><\/h4>\n<div class=\"wpb_text_column wpb_content_element wpb_animate_when_almost_visible wpb_appear wpb_start_animation\">\n<div class=\"wpb_wrapper\">\n<p><em>t\u0159\u00eddn\u00ed u\u010ditelky:<\/em> Bc. Petra Do\u010dkalov\u00e1, Mgr. Nikol Bedna\u0159\u00edkov\u00e1<\/p>\n<p><em>asistent pedagoga:\u00a0 <\/em>Mark\u00e9ta \u0160trihov\u00e1<\/p>\n<\/div>\n<\/div>\n<div class=\"wpb_text_column wpb_content_element wpb_animate_when_almost_visible wpb_appear wpb_start_animation\">\n<div class=\"wpb_wrapper\">\n<h4><strong>t\u0159\u00edda Brou\u010dci: d\u011bti 2,5 &#8211; 4let\u00e9<\/strong><\/h4>\n<p><em>t\u0159\u00eddn\u00ed u\u010ditelky:\u00a0<\/em>Alena Pt\u00e1\u010dkov\u00e1, Bc. Kate\u0159ina Slov\u00e1kov\u00e1<\/p>\n<p><em>asistent pedagoga:<\/em> Magdal\u00e9na Hodul\u00e1kov\u00e1<\/p>\n<\/div>\n<\/div>\n<h4><strong>krou\u017eek anglick\u00e9ho jazyka pro d\u011bti s povinn\u00fdm p\u0159ed\u0161koln\u00edm vzd\u011bl\u00e1v\u00e1n\u00edm<\/strong><\/h4>\n<p>Lucie Chmela\u0159ov\u00e1<\/p>\n<h4><strong>krou\u017eek keramiky <\/strong><strong>pro d\u011bti s povinn\u00fdm p\u0159ed\u0161koln\u00edm vzd\u011bl\u00e1v\u00e1n\u00edm<\/strong><\/h4>\n<p>Mirka Lickov\u00e1 (extern\u00ed lektor DDM Astra, Zl\u00edn)<\/p>\n<p><strong>krou\u017eek hran\u00ed na citerky <\/strong><strong>pro d\u011bti s povinn\u00fdm p\u0159ed\u0161koln\u00edm vzd\u011bl\u00e1v\u00e1n\u00edm<\/strong><\/p>\n<p>Mgr. Hana Dr\u00e1bkov\u00e1 (extern\u00ed lektor)<\/p>\n<\/div>\n<\/div>\n<\/div>\n<\/div>\n<div class=\"vc_column-inner \">\n<div class=\"wpb_wrapper\">\n<div class=\"wpb_text_column wpb_content_element \">\n<div class=\"wpb_wrapper\">\n<h3><span style=\"color: #99cc00;\"><strong>Vzd\u011bl\u00e1v\u00e1n\u00ed<\/strong><\/span><\/h3>\n<p>Ve\u0161ker\u00e9 informace o pr\u016fb\u011bhu vzd\u011bl\u00e1v\u00e1n\u00ed d\u011bt\u00ed jsou sou\u010d\u00e1st\u00ed \u0161koln\u00edho vzd\u011bl\u00e1vac\u00edho programu s n\u00e1zvem \u201eM\u016eJ DOMOV, OBEC LUKOV, M\u00cdSTO, KDE \u017dIJU, ROZV\u00cdJ\u00cdM SV\u00c9 SCHOPNOSTI, POZN\u00c1V\u00c1M S\u00c1M SEBE, KAMAR\u00c1DY, SV\u00c9 OKOL\u00cd A OSVOJUJI SI Z\u00c1KLADY HODNOT NA NICH\u017d JE ZALO\u017dENA NA\u0160E SPOLE\u010cNOST&#8220;<\/p>\n<h3><span style=\"color: #99cc00;\"><strong>N\u011bco nav\u00edc<\/strong><\/span><\/h3>\n<p>Mate\u0159sk\u00e1 \u0161kola hrad\u00ed v\u0161em d\u011btem ve\u0161ker\u00e9 n\u00e1klady spojen\u00e9 s nadstandardn\u00edmi aktivitami (nap\u0159. vstupn\u00e9 na kulturn\u00ed p\u0159edstaven\u00ed, vzd\u011bl\u00e1vac\u00ed a sportovn\u00ed programy v mate\u0159sk\u00e9 \u0161kole i mimo ni, v\u010detn\u011b dopravy mimo obec)\u00a0 z provozn\u00edho p\u0159\u00edsp\u011bvku z\u0159izovatele a sponzorsk\u00fdch dar\u016f.<\/p>\n<p>V\u0161echny d\u011bti maj\u00ed v r\u00e1mci povinn\u00e9ho p\u0159ed\u0161koln\u00edho vzd\u011bl\u00e1v\u00e1n\u00ed p\u0159ed vstupem do z\u00e1kladn\u00ed \u0161koly hrazen jako sou\u010d\u00e1st \u0161koln\u00edho vzd\u011bl\u00e1vac\u00edho programu kurz s v\u00fdukou anglick\u00e9ho jazyka, individu\u00e1ln\u00ed logopedickou p\u00e9\u010di a kurz keramiky.<\/p>\n<p>Ka\u017edoro\u010dn\u011b mate\u0159sk\u00e1 \u0161kola po\u0159\u00e1d\u00e1 i kurz v\u00fduky plav\u00e1n\u00ed pro nejstar\u0161\u00ed d\u011bti.<\/p>\n<p>V z\u00e1v\u011bru \u0161koln\u00edho roku jsou pro d\u011bti po\u0159\u00e1d\u00e1ny\u00a0 \u0161koln\u00ed olympijsk\u00e9 hry, den pln\u00fd her zam\u011b\u0159en\u00fd na orientaci d\u011bt\u00ed v obci,\u00a0 v\u00fdlety s r\u016fznorodou t\u00e9matikou. Rozlou\u010den\u00ed se \u0161koln\u00edm rokem se odehr\u00e1v\u00e1 na \u0161koln\u00ed zahrad\u011b a sou\u010d\u00e1st\u00ed programu je vystoupen\u00ed t\u0159\u00edd, klauni\u00e1da a \u0161erpov\u00e1n\u00ed d\u011bt\u00ed ukon\u010duj\u00edc\u00edch\u00a0 vzd\u011bl\u00e1v\u00e1n\u00ed v mate\u0159sk\u00e9 \u0161kole.<\/p>\n<h3><span style=\"color: #99cc00;\"><strong>Na\u0161e priority<\/strong><\/span><\/h3>\n<ul>\n<li>poskytov\u00e1n\u00ed vzd\u011bl\u00e1vac\u00edch slu\u017eeb v p\u0159\u00e1telsk\u00e9m a pohodov\u00e9m prost\u0159ed\u00ed<\/li>\n<li>zaji\u0161\u0165ov\u00e1n\u00ed kvalitn\u00edch materi\u00e1ln\u00edch podm\u00ednek<\/li>\n<li>vz\u00e1jemn\u00fd respekt a spolupr\u00e1ce mezi person\u00e1lem a rodi\u010di d\u011bt\u00ed,<\/li>\n<li>dobr\u00e1 informovanost mezi v\u0161emi z\u00fa\u010dastn\u011bn\u00fdmi\u00a0 rodi\u010d x person\u00e1l x z\u0159izovatel x ve\u0159ejnost<\/li>\n<li>t\u00fdm kvalifikovan\u00fdch u\u010ditelek podporovan\u00fd v dal\u0161\u00edm vzd\u011bl\u00e1v\u00e1n\u00ed a osobn\u00ed iniciativ\u011b zav\u00e1d\u011bt do vzd\u011bl\u00e1v\u00e1n\u00ed modern\u00ed prvky a efektivn\u00ed vzd\u011bl\u00e1vac\u00ed metody<\/li>\n<\/ul>\n<p>Sm\u011brem k d\u00edt\u011bti<\/p>\n<ul>\n<li>d\u016fraz na v\u0161estrann\u00fd rozvoj d\u00edt\u011bte<\/li>\n<li>zav\u00e1d\u011bn\u00ed individualizace ve vzd\u011bl\u00e1v\u00e1n\u00ed<\/li>\n<li>podpora vytv\u00e1\u0159en\u00ed z\u00e1klad\u016f zdrav\u00e9ho \u017eivotn\u00edho stylu<\/li>\n<li>vzd\u011bl\u00e1v\u00e1n\u00ed prost\u0159ednictv\u00edm z\u00e1bavn\u00fdch \u010dinnost\u00ed s vyu\u017eit\u00edm modern\u00edch eduka\u010dn\u00edch prost\u0159edk\u016f<\/li>\n<li>podpora kladn\u00e9ho vztahu k m\u00edstn\u00ed komunit\u011b, prost\u0159ed\u00ed a tradic\u00edm<\/li>\n<\/ul>\n<\/div>\n<\/div>\n<\/div>\n<\/div>\n<\/div>\n<\/div>\n<div class=\"vc_row wpb_row vc_row-fluid\">\n<div class=\"wpb_column vc_column_container vc_col-sm-6\">\n<div class=\"vc_column-inner \">\n<div class=\"wpb_wrapper\">\n<div class=\"wpb_text_column wpb_content_element \">\n<div class=\"wpb_wrapper\"><\/div>\n<\/div>\n<\/div>\n<\/div>\n<\/div>\n<div class=\"wpb_column vc_column_container vc_col-sm-6\">\n<div class=\"vc_column-inner \">\n<div class=\"wpb_wrapper\">\n<div class=\"wpb_text_column wpb_content_element \">\n<div class=\"wpb_wrapper\"><\/div>\n<\/div>\n<\/div>\n<\/div>\n<\/div>\n<\/div>\n<div class=\"vc_row wpb_row vc_row-fluid\">\n<div class=\"wpb_column vc_column_container vc_col-sm-6\">\n<div class=\"vc_column-inner \">\n<div class=\"wpb_wrapper\">\n<div class=\"wpb_text_column wpb_content_element \">\n<div class=\"wpb_wrapper\">\n<h3><span style=\"color: #99cc00;\"><strong>S\u00eddlo mate\u0159sk\u00e9 \u0161koly<\/strong><\/span><\/h3>\n<p>Jsme samostatn\u00e1 trojt\u0159\u00eddn\u00ed mate\u0159sk\u00e1 \u0161kola (d\u00e1le jen \u201em\u0161\u201c) jedin\u00e1 v obci. Sou\u010d\u00e1st\u00ed organizace je \u0161koln\u00ed j\u00eddelna, kter\u00e1 zaji\u0161\u0165uje stravov\u00e1n\u00ed pro d\u011bti m\u0161, \u017e\u00e1ky zdej\u0161\u00ed z\u00e1kladn\u00ed \u0161koly a dal\u0161\u00ed ciz\u00ed str\u00e1vn\u00edky. Se z\u0159izovatelem\u00a0sd\u00edl\u00edme spole\u010dnou budovu na n\u00e1m\u011bst\u00ed u hlavn\u00ed silnice vedouc\u00ed obc\u00ed. Ob\u00fdv\u00e1me prvn\u00ed patro a suter\u00e9n budovy. V pat\u0159e se nach\u00e1z\u00ed dv\u011b prostorn\u00e9 t\u0159\u00eddy s hernami a p\u0159\u00edslu\u0161enstv\u00edm pro 55 d\u011bt\u00ed. T\u0159et\u00ed t\u0159\u00edda se samostatn\u00fdm vstupem z jihoz\u00e1padn\u00ed strany budovy o kapacit\u011b 18 d\u011bt\u00ed byla dobudov\u00e1na v suter\u00e9nu budovy v roce 2017.<\/p>\n<h3><span style=\"color: #99cc00;\"><strong>Budova<\/strong><\/span><\/h3>\n<p>V roce 2020 prob\u011bhla kompletn\u00ed revitalizace cel\u00e9ho objektu, kter\u00fd slou\u017e\u00ed pot\u0159eb\u00e1m mate\u0159sk\u00e9 \u0161koly, obecn\u00edho \u00fa\u0159adu a podkrovn\u00edch soci\u00e1ln\u00edch byt\u016f. Sou\u010d\u00e1st\u00ed projektu byla rekonstrukce prostor \u0161koln\u00ed j\u00eddelny s vybudov\u00e1n\u00edm modern\u00ed velkokapacitn\u00ed kuchyn\u011b\u00a0a jej\u00edho p\u0159\u00edslu\u0161enstv\u00ed v\u010detn\u011b j\u00eddelny pro \u017e\u00e1ky zdej\u0161\u00ed z\u00e1kladn\u00ed \u0161koly a tak\u00e9 dispozi\u010dn\u00ed \u00fapravy vnit\u0159n\u00edch prostor mate\u0159sk\u00e9 \u0161koly.<\/p>\n<h3><span style=\"color: #99cc00;\"><strong>Vybaven\u00ed<\/strong><\/span><\/h3>\n<p>Vzhledem k dlouhodob\u00e9 vst\u0159\u00edcn\u00e9 spolupr\u00e1ci mezi z\u0159izovatelem a mate\u0159skou \u0161kolou je n\u00e1m poskytov\u00e1na dostate\u010dn\u00e1 podpora i finan\u010dn\u00ed zaji\u0161t\u011bn\u00ed pro pl\u00e1nov\u00e1n\u00ed a uskute\u010d\u0148ov\u00e1n\u00ed\u00a0pr\u016fb\u011b\u017en\u00e9\u00a0modernizace vybaven\u00ed mate\u0159sk\u00e9 \u0161koly.\u00a0 Ka\u017edoro\u010dn\u011b je sledov\u00e1n stav vybavenosti \u0161koly a pl\u00e1nov\u00e1no po\u0159izov\u00e1n\u00ed kvalitn\u00edho modern\u00edho eduka\u010dn\u00edho hrov\u00e9ho\u00a0materi\u00e1lu, kreativn\u00edho v\u00fdtvarn\u00e9ho materi\u00e1lu i technick\u00e9ho vybaven\u00ed.<\/p>\n<h3><span style=\"color: #99cc00;\"><strong>Zahrada mate\u0159sk\u00e9 \u0161koly<\/strong><\/span><\/h3>\n<p>\u010c\u00e1st zahrady je p\u0159\u00edrodn\u00ed zatravn\u011bna a os\u00e1zena stromy a ke\u0159i. Vybavena je h\u0159i\u0161t\u011bm s um\u011bl\u00fdm povrchem, asfaltov\u00fdmi cesti\u010dkami, plochou s um\u011bl\u00fdm m\u011bk\u010den\u00fdm povrchem s d\u011btsk\u00fdmi hrov\u00fdmi sestavami,\u00a0skluzavkou, \u0161plhac\u00ed st\u011bnou, p\u00edskovi\u0161t\u011bm, dome\u010dkem, koloto\u010dem, houpadly a zahradn\u00edm sedac\u00edm n\u00e1bytkem. P\u0159ilehl\u00fd sklad hra\u010dek v suter\u00e9nu budovy slou\u017e\u00ed k ukl\u00e1d\u00e1n\u00ed d\u011btsk\u00fdch dopravn\u00edch prost\u0159edk\u016f, sportovn\u00edho n\u00e1\u010din\u00ed i hra\u010dek na p\u00edsek. V zim\u011b vyu\u017e\u00edv\u00e1me nerovnosti ter\u00e9nu k provozov\u00e1n\u00ed bobov\u00e1n\u00ed a s\u00e1\u0148kov\u00e1n\u00ed.<\/p>\n<p>V r\u00e1mci projektu MAP je p\u0159ipravov\u00e1na celkov\u00e1 revitalizace zahrady s vybudov\u00e1n\u00edm dopravn\u00edho h\u0159i\u0161t\u011b.<\/p>\n<\/div>\n<\/div>\n<\/div>\n<\/div>\n<\/div>\n<\/div>\n<h3><span style=\"color: #99cc00;\"><strong>Z historie mate\u0159sk\u00e9 \u0161koly<\/strong><\/span><\/h3>\n<p>P\u016fvodn\u00ed samostatn\u00e1 mate\u0159sk\u00e1 \u0161kola\u00a0 byla z\u0159\u00edzena na okraji obce v\u00a0z\u00e1me\u010dku Tuskulum s p\u0159ilehl\u00fdm anglick\u00fdm parkem. Od po\u010d\u00e1tku p\u016fsobnosti zaji\u0161\u0165ovala mate\u0159sk\u00e1 \u0161kola stravov\u00e1n\u00ed \u017e\u00e1k\u016f m\u00edstn\u00ed z\u00e1kladn\u00ed \u0161koly. Roku 1982\u00a0byla p\u0159est\u011bhov\u00e1na\u00a0i se \u0161koln\u00ed j\u00eddelnou\u00a0do nov\u00e9ho objektu ve st\u0159edu obce. 1.ledna 2003 se v r\u00e1mci transformace \u0161kol stala mate\u0159sk\u00e1 \u0161kola sou\u010d\u00e1st\u00ed Z\u00e1kladn\u00ed \u0161koly Lukov a\u00a0\u0161koln\u00ed j\u00eddelna \u00a0za\u010dala p\u016fsobit jako samostatn\u00fd subjekt. 1.ledna 2012\u00a0byly rozhodnut\u00edm z\u0159izovatele ob\u011b instituce s\u00eddl\u00edc\u00ed v budov\u011b\u00a0 &#8211; \u0161kolka i j\u00eddelna- slou\u010deny v samostatnou p\u0159\u00edsp\u011bvkovou organizaci\u00a0s nyn\u011bj\u0161\u00edm n\u00e1zvem.<\/p>\n<div class=\"wpb_text_column wpb_content_element wpb_animate_when_almost_visible wpb_appear wpb_start_animation\">\n<div class=\"wpb_wrapper\">\n<div class=\"wpb_text_column wpb_content_element wpb_animate_when_almost_visible wpb_appear\">\n<div class=\"wpb_wrapper\"><\/div>\n<\/div>\n<\/div>\n<\/div>\n","protected":false},"excerpt":{"rendered":"<p>\u00a0Identifika\u010dn\u00ed \u00fadaje organizace n\u00e1zev Mate\u0159sk\u00e1 \u0161kola Lukov, p\u0159\u00edsp\u011bvkov\u00e1 organizace adresa K L\u016f\u010dk\u00e1m 350, 763 17 Lukov sou\u010d\u00e1st organizace \u0160koln\u00ed j\u00eddelna pr\u00e1vn\u00ed forma p\u0159\u00edsp\u011bvkov\u00e1 organizace z\u0159izovatel Obec Lukov, K L\u016f\u010dk\u00e1m 350, 763 17Lukov I\u010c organizace 70990280 DI\u010c CZ70990280 IZO mate\u0159sk\u00e9 \u0161koly 107\u00a0605 813 IZO \u0161koln\u00ed j\u00eddelny 103 statut\u00e1rn\u00ed z\u00e1stupce \u0159editelka \u0161koly jmenovan\u00e1 z\u0159izovatelem \u0159editelka Bc. Radka [&hellip;]<\/p>\n","protected":false},"author":2,"featured_media":0,"parent":0,"menu_order":0,"comment_status":"closed","ping_status":"closed","template":"","meta":[],"_links":{"self":[{"href":"https:\/\/www.mslukov.cz\/index.php\/wp-json\/wp\/v2\/pages\/274"}],"collection":[{"href":"https:\/\/www.mslukov.cz\/index.php\/wp-json\/wp\/v2\/pages"}],"about":[{"href":"https:\/\/www.mslukov.cz\/index.php\/wp-json\/wp\/v2\/types\/page"}],"author":[{"embeddable":true,"href":"https:\/\/www.mslukov.cz\/index.php\/wp-json\/wp\/v2\/users\/2"}],"replies":[{"embeddable":true,"href":"https:\/\/www.mslukov.cz\/index.php\/wp-json\/wp\/v2\/comments?post=274"}],"version-history":[{"count":30,"href":"https:\/\/www.mslukov.cz\/index.php\/wp-json\/wp\/v2\/pages\/274\/revisions"}],"predecessor-version":[{"id":7300,"href":"https:\/\/www.mslukov.cz\/index.php\/wp-json\/wp\/v2\/pages\/274\/revisions\/7300"}],"wp:attachment":[{"href":"https:\/\/www.mslukov.cz\/index.php\/wp-json\/wp\/v2\/media?parent=274"}],"curies":[{"name":"wp","href":"https:\/\/api.w.org\/{rel}","templated":true}]}}